{"id":4747,"date":"2025-07-02T16:29:55","date_gmt":"2025-07-02T14:29:55","guid":{"rendered":"https:\/\/www.grandhotelwagner.it\/declaration-daccessibilite\/"},"modified":"2025-07-02T16:35:12","modified_gmt":"2025-07-02T14:35:12","slug":"declaration-daccessibilite","status":"publish","type":"page","link":"https:\/\/www.grandhotelwagner.it\/fr\/declaration-daccessibilite\/","title":{"rendered":"D\u00e9claration d&rsquo;accessibilit\u00e9"},"content":{"rendered":"\t\t<div data-elementor-type=\"wp-page\" data-elementor-id=\"4747\" class=\"elementor elementor-4747 elementor-4739\" data-elementor-post-type=\"page\">\n\t\t\t\t<div class=\"elementor-element elementor-element-55b4737 e-flex e-con-boxed e-con e-parent\" data-id=\"55b4737\" data-element_type=\"container\" data-e-type=\"container\">\n\t\t\t\t\t<div class=\"e-con-inner\">\n\t\t<div class=\"elementor-element elementor-element-6313213 e-con-full e-flex e-con e-child\" data-id=\"6313213\" data-element_type=\"container\" data-e-type=\"container\" data-settings=\"{&quot;background_background&quot;:&quot;classic&quot;}\">\n\t\t\t\t<div class=\"elementor-element elementor-element-65d792a elementor-widget elementor-widget-heading\" data-id=\"65d792a\" data-element_type=\"widget\" data-e-type=\"widget\" data-widget_type=\"heading.default\">\n\t\t\t\t<div class=\"elementor-widget-container\">\n\t\t\t\t\t<h1 class=\"elementor-heading-title elementor-size-default\">D\u00e9claration d'accessibilit\u00e9<\/h1>\t\t\t\t<\/div>\n\t\t\t\t<\/div>\n\t\t<div class=\"elementor-element elementor-element-c24f938 e-con-full e-flex e-con e-child\" data-id=\"c24f938\" data-element_type=\"container\" data-e-type=\"container\">\n\t\t<div class=\"elementor-element elementor-element-feafecb e-con-full e-flex e-con e-child\" data-id=\"feafecb\" data-element_type=\"container\" data-e-type=\"container\">\n\t\t\t\t<div class=\"elementor-element elementor-element-52e01cd elementor-widget elementor-widget-heading\" data-id=\"52e01cd\" data-element_type=\"widget\" data-e-type=\"widget\" data-widget_type=\"heading.default\">\n\t\t\t\t<div class=\"elementor-widget-container\">\n\t\t\t\t\t<p class=\"elementor-heading-title elementor-size-default\">Grand Hotel Wagner<\/p>\t\t\t\t<\/div>\n\t\t\t\t<\/div>\n\t\t\t\t<div class=\"elementor-element elementor-element-0b78714 elementor-widget elementor-widget-heading\" data-id=\"0b78714\" data-element_type=\"widget\" data-e-type=\"widget\" data-widget_type=\"heading.default\">\n\t\t\t\t<div class=\"elementor-widget-container\">\n\t\t\t\t\t<p class=\"elementor-heading-title elementor-size-default\">Via R. Wagner, 2 - 90139 Palermo (PA) Italia<\/p>\t\t\t\t<\/div>\n\t\t\t\t<\/div>\n\t\t\t\t<div class=\"elementor-element elementor-element-2cce72e elementor-widget elementor-widget-heading\" data-id=\"2cce72e\" data-element_type=\"widget\" data-e-type=\"widget\" data-widget_type=\"heading.default\">\n\t\t\t\t<div class=\"elementor-widget-container\">\n\t\t\t\t\t<p class=\"elementor-heading-title elementor-size-default\"><a href=\"mailto:booking@grandhotelwagner.it\">booking@grandhotelwagner.it<\/a><\/p>\t\t\t\t<\/div>\n\t\t\t\t<\/div>\n\t\t\t\t<div class=\"elementor-element elementor-element-fec667b elementor-widget elementor-widget-text-editor\" data-id=\"fec667b\" data-element_type=\"widget\" data-e-type=\"widget\" data-widget_type=\"text-editor.default\">\n\t\t\t\t<div class=\"elementor-widget-container\">\n\t\t\t\t\t\t\t\t\tRaison sociale : Coretur Hotels s.r.l. <br>Si\u00e8ge social : Via R. Wagner, 2 &#8211; 90139 Palermo (PA) Italie <br>Num\u00e9ro de TVA : 05690540827 <br>No. Iscr. Reg. Entreprises : 05690540827 de Palermo <br>N. REA : PA &#8211; 270800<br> Capital social : \u20ac 100,000.00 <br>Code CIR : 19082053A100929\t\t\t\t\t\t\t\t<\/div>\n\t\t\t\t<\/div>\n\t\t\t\t<\/div>\n\t\t\t\t<div class=\"elementor-element elementor-element-d8b16c1 elementor-widget elementor-widget-heading\" data-id=\"d8b16c1\" data-element_type=\"widget\" data-e-type=\"widget\" data-widget_type=\"heading.default\">\n\t\t\t\t<div class=\"elementor-widget-container\">\n\t\t\t\t\t<p class=\"elementor-heading-title elementor-size-default\">Le site a \u00e9t\u00e9 publi\u00e9 le <strong>24 septembre 2024<\/strong><\/p>\t\t\t\t<\/div>\n\t\t\t\t<\/div>\n\t\t\t\t<div class=\"elementor-element elementor-element-2c35b81 elementor-widget elementor-widget-heading\" data-id=\"2c35b81\" data-element_type=\"widget\" data-e-type=\"widget\" data-widget_type=\"heading.default\">\n\t\t\t\t<div class=\"elementor-widget-container\">\n\t\t\t\t\t<p class=\"elementor-heading-title elementor-size-default\">Le site a \u00e9t\u00e9 mis \u00e0 jour le <strong>17 juin 2025<\/strong><\/p>\t\t\t\t<\/div>\n\t\t\t\t<\/div>\n\t\t\t\t<div class=\"elementor-element elementor-element-3a1020f elementor-widget elementor-widget-spacer\" data-id=\"3a1020f\" data-element_type=\"widget\" data-e-type=\"widget\" data-widget_type=\"spacer.default\">\n\t\t\t\t<div class=\"elementor-widget-container\">\n\t\t\t\t\t\t\t<div class=\"elementor-spacer\">\n\t\t\t<div class=\"elementor-spacer-inner\"><\/div>\n\t\t<\/div>\n\t\t\t\t\t\t<\/div>\n\t\t\t\t<\/div>\n\t\t\t\t<div class=\"elementor-element elementor-element-2db884f elementor-widget elementor-widget-heading\" data-id=\"2db884f\" data-element_type=\"widget\" data-e-type=\"widget\" data-widget_type=\"heading.default\">\n\t\t\t\t<div class=\"elementor-widget-container\">\n\t\t\t\t\t<p class=\"elementor-heading-title elementor-size-default\">Conformit\u00e9<\/p>\t\t\t\t<\/div>\n\t\t\t\t<\/div>\n\t\t\t\t<div class=\"elementor-element elementor-element-1149e40 elementor-widget elementor-widget-text-editor\" data-id=\"1149e40\" data-element_type=\"widget\" data-e-type=\"widget\" data-widget_type=\"text-editor.default\">\n\t\t\t\t<div class=\"elementor-widget-container\">\n\t\t\t\t\t\t\t\t\t<p>Ce site est partiellement conforme aux exigences de l&rsquo;annexe A de la norme UNI CEI EN 301 549 (WCAG 2.1 niveau AA).<\/p>\n\t\t\t\t\t\t\t\t<\/div>\n\t\t\t\t<\/div>\n\t\t\t\t<div class=\"elementor-element elementor-element-4f3412e elementor-widget elementor-widget-heading\" data-id=\"4f3412e\" data-element_type=\"widget\" data-e-type=\"widget\" data-widget_type=\"heading.default\">\n\t\t\t\t<div class=\"elementor-widget-container\">\n\t\t\t\t\t<p class=\"elementor-heading-title elementor-size-default\">Contenus non accessibles<\/p>\t\t\t\t<\/div>\n\t\t\t\t<\/div>\n\t\t\t\t<div class=\"elementor-element elementor-element-a4e6cdf elementor-widget elementor-widget-text-editor\" data-id=\"a4e6cdf\" data-element_type=\"widget\" data-e-type=\"widget\" data-widget_type=\"text-editor.default\">\n\t\t\t\t<div class=\"elementor-widget-container\">\n\t\t\t\t\t\t\t\t\t<p>Les contenus suivants ne sont pas accessibles pour les raisons suivantes :<\/p>\n<ul>\n<li>Images sans texte alternatif ou avec un texte non pertinent<\/li>\n<li>Certains \u00e9l\u00e9ments ne respectent pas les contrastes de couleurs requis<\/li>\n<li>Le manque de balises s\u00e9mantiques limite partiellement la navigation avec un lecteur d\u2019\u00e9cran<\/li>\n<li>Vid\u00e9os : absence de sous-titres et de transcriptions<\/li>\n<li>Plan du site dans le pied de page non pr\u00e9sent<\/li>\n<li>Indicateur de focus non toujours visible<\/li>\n<li>Fil d\u2019Ariane non pr\u00e9sent<\/li>\n<li>Fichiers PDF non enti\u00e8rement accessibles<\/li>\n<\/ul>\n<p> Malgr\u00e9 les efforts de <strong>Grand Hotel Wagner<\/strong>, d&rsquo;autres \u00e9l\u00e9ments non conformes peuvent ne pas \u00eatre list\u00e9s dans cette d\u00e9claration.<\/p>\n\t\t\t\t\t\t\t\t<\/div>\n\t\t\t\t<\/div>\n\t\t\t\t<div class=\"elementor-element elementor-element-2c187f8 elementor-widget elementor-widget-heading\" data-id=\"2c187f8\" data-element_type=\"widget\" data-e-type=\"widget\" data-widget_type=\"heading.default\">\n\t\t\t\t<div class=\"elementor-widget-container\">\n\t\t\t\t\t<div class=\"elementor-heading-title elementor-size-default\">D\u00e9claration r\u00e9dig\u00e9e par<\/div>\t\t\t\t<\/div>\n\t\t\t\t<\/div>\n\t\t\t\t<div class=\"elementor-element elementor-element-1b36bb2 elementor-widget elementor-widget-text-editor\" data-id=\"1b36bb2\" data-element_type=\"widget\" data-e-type=\"widget\" data-widget_type=\"text-editor.default\">\n\t\t\t\t<div class=\"elementor-widget-container\">\n\t\t\t\t\t\t\t\t\t<p>Network Service Srl, sur la base d\u2019une \u00e9valuation interne effectu\u00e9e le 17 juin 2025.<br \/>Cette d\u00e9claration a \u00e9t\u00e9 r\u00e9alis\u00e9e conform\u00e9ment \u00e0 la directive (UE) 2016\/2102, via une auto-\u00e9valuation effectu\u00e9e par Network Service Srl avec l\u2019aide d\u2019outils automatiques.<\/p>\n\t\t\t\t\t\t\t\t<\/div>\n\t\t\t\t<\/div>\n\t\t\t\t<div class=\"elementor-element elementor-element-1761de4 elementor-widget elementor-widget-heading\" data-id=\"1761de4\" data-element_type=\"widget\" data-e-type=\"widget\" data-widget_type=\"heading.default\">\n\t\t\t\t<div class=\"elementor-widget-container\">\n\t\t\t\t\t<div class=\"elementor-heading-title elementor-size-default\">Modalit\u00e9 de signalement<\/div>\t\t\t\t<\/div>\n\t\t\t\t<\/div>\n\t\t\t\t<div class=\"elementor-element elementor-element-483fc68 elementor-widget elementor-widget-text-editor\" data-id=\"483fc68\" data-element_type=\"widget\" data-e-type=\"widget\" data-widget_type=\"text-editor.default\">\n\t\t\t\t<div class=\"elementor-widget-container\">\n\t\t\t\t\t\t\t\t\t<p>Vous pouvez signaler tout probl\u00e8me d\u2019accessibilit\u00e9 \u00e0 :<br \/>Email : <span style=\"text-decoration: underline;\"><a href=\"mailto:accessibilita@network-service.it\">accessibilita@network-service.it<\/a><\/span><br \/>Nous vous r\u00e9pondrons dans un d\u00e9lai de 30 jours ouvrables.<\/p>\n\t\t\t\t\t\t\t\t<\/div>\n\t\t\t\t<\/div>\n\t\t\t\t<div class=\"elementor-element elementor-element-7a59764 elementor-widget elementor-widget-heading\" data-id=\"7a59764\" data-element_type=\"widget\" data-e-type=\"widget\" data-widget_type=\"heading.default\">\n\t\t\t\t<div class=\"elementor-widget-container\">\n\t\t\t\t\t<div class=\"elementor-heading-title elementor-size-default\">Signalement \u00e0 l\u2019AgID<\/div>\t\t\t\t<\/div>\n\t\t\t\t<\/div>\n\t\t\t\t<div class=\"elementor-element elementor-element-3d95581 elementor-widget elementor-widget-text-editor\" data-id=\"3d95581\" data-element_type=\"widget\" data-e-type=\"widget\" data-widget_type=\"text-editor.default\">\n\t\t\t\t<div class=\"elementor-widget-container\">\n\t\t\t\t\t\t\t\t\t<p>Si la r\u00e9ponse ne vous satisfait pas, vous pouvez envoyer un signalement \u00e0 l\u2019AgID \u00e0 l\u2019adresse suivante : protocollo@pec.agid.gov.it.<\/p>\n\t\t\t\t\t\t\t\t<\/div>\n\t\t\t\t<\/div>\n\t\t\t\t<\/div>\n\t\t\t\t<\/div>\n\t\t\t\t\t<\/div>\n\t\t\t\t<\/div>\n\t\t\t\t<\/div>\n\t\t","protected":false},"excerpt":{"rendered":"<p>D\u00e9claration d&rsquo;accessibilit\u00e9 Le site a \u00e9t\u00e9 publi\u00e9 le Le site a \u00e9t\u00e9 mis \u00e0 jour le Conformit\u00e9 Ce site est partiellement conforme aux exigences de l&rsquo;annexe A de la norme UNI CEI EN 301 549 (WCAG 2.1 niveau AA). Contenus non accessibles Les contenus suivants ne sont pas accessibles pour les raisons suivantes : Images [&hellip;]<\/p>\n","protected":false},"author":2,"featured_media":0,"parent":0,"menu_order":0,"comment_status":"closed","ping_status":"closed","template":"elementor_canvas","meta":{"_acf_changed":false,"footnotes":""},"class_list":["post-4747","page","type-page","status-publish","hentry"],"acf":[],"_links":{"self":[{"href":"https:\/\/www.grandhotelwagner.it\/fr\/wp-json\/wp\/v2\/pages\/4747","targetHints":{"allow":["GET"]}}],"collection":[{"href":"https:\/\/www.grandhotelwagner.it\/fr\/wp-json\/wp\/v2\/pages"}],"about":[{"href":"https:\/\/www.grandhotelwagner.it\/fr\/wp-json\/wp\/v2\/types\/page"}],"author":[{"embeddable":true,"href":"https:\/\/www.grandhotelwagner.it\/fr\/wp-json\/wp\/v2\/users\/2"}],"replies":[{"embeddable":true,"href":"https:\/\/www.grandhotelwagner.it\/fr\/wp-json\/wp\/v2\/comments?post=4747"}],"version-history":[{"count":1,"href":"https:\/\/www.grandhotelwagner.it\/fr\/wp-json\/wp\/v2\/pages\/4747\/revisions"}],"predecessor-version":[{"id":4748,"href":"https:\/\/www.grandhotelwagner.it\/fr\/wp-json\/wp\/v2\/pages\/4747\/revisions\/4748"}],"wp:attachment":[{"href":"https:\/\/www.grandhotelwagner.it\/fr\/wp-json\/wp\/v2\/media?parent=4747"}],"curies":[{"name":"wp","href":"https:\/\/api.w.org\/{rel}","templated":true}]}}