{"id":2832,"date":"2024-07-23T18:00:14","date_gmt":"2024-07-23T16:00:14","guid":{"rendered":"https:\/\/www.grandhotelwagner.it\/newsletter\/"},"modified":"2024-12-11T15:19:32","modified_gmt":"2024-12-11T14:19:32","slug":"newsletter","status":"publish","type":"page","link":"https:\/\/www.grandhotelwagner.it\/fr\/newsletter\/","title":{"rendered":"Newsletter"},"content":{"rendered":"\t\t<div data-elementor-type=\"wp-page\" data-elementor-id=\"2832\" class=\"elementor elementor-2832 elementor-1801\" data-elementor-post-type=\"page\">\n\t\t\t\t<div class=\"elementor-element elementor-element-2fbcd14 e-flex e-con-boxed e-con e-parent\" data-id=\"2fbcd14\" data-element_type=\"container\" data-e-type=\"container\">\n\t\t\t\t\t<div class=\"e-con-inner\">\n\t\t\t\t<div class=\"elementor-element elementor-element-b3682c5 elementor-invisible elementor-widget elementor-widget-heading\" data-id=\"b3682c5\" data-element_type=\"widget\" data-e-type=\"widget\" data-settings=\"{&quot;_animation&quot;:&quot;fadeInUp&quot;}\" data-widget_type=\"heading.default\">\n\t\t\t\t<div class=\"elementor-widget-container\">\n\t\t\t\t\t<h1 class=\"elementor-heading-title elementor-size-default\">Inscrivez-vous \u00e0 la newsletter<\/h1>\t\t\t\t<\/div>\n\t\t\t\t<\/div>\n\t\t\t\t<div class=\"elementor-element elementor-element-3123fe7 elementor-widget elementor-widget-spacer\" data-id=\"3123fe7\" data-element_type=\"widget\" data-e-type=\"widget\" data-widget_type=\"spacer.default\">\n\t\t\t\t<div class=\"elementor-widget-container\">\n\t\t\t\t\t\t\t<div class=\"elementor-spacer\">\n\t\t\t<div class=\"elementor-spacer-inner\"><\/div>\n\t\t<\/div>\n\t\t\t\t\t\t<\/div>\n\t\t\t\t<\/div>\n\t\t\t\t<div class=\"elementor-element elementor-element-d50830a elementor-invisible elementor-widget elementor-widget-heading\" data-id=\"d50830a\" data-element_type=\"widget\" data-e-type=\"widget\" data-settings=\"{&quot;_animation&quot;:&quot;fadeInUp&quot;}\" data-widget_type=\"heading.default\">\n\t\t\t\t<div class=\"elementor-widget-container\">\n\t\t\t\t\t<h2 class=\"elementor-heading-title elementor-size-default\">...il y a un cadeau pour nouveaux membres!<\/h2>\t\t\t\t<\/div>\n\t\t\t\t<\/div>\n\t\t\t\t<div class=\"elementor-element elementor-element-fbd4616 elementor-widget elementor-widget-spacer\" data-id=\"fbd4616\" data-element_type=\"widget\" data-e-type=\"widget\" data-widget_type=\"spacer.default\">\n\t\t\t\t<div class=\"elementor-widget-container\">\n\t\t\t\t\t\t\t<div class=\"elementor-spacer\">\n\t\t\t<div class=\"elementor-spacer-inner\"><\/div>\n\t\t<\/div>\n\t\t\t\t\t\t<\/div>\n\t\t\t\t<\/div>\n\t\t\t\t<div class=\"elementor-element elementor-element-fd54af4 elementor-invisible elementor-widget elementor-widget-text-editor\" data-id=\"fd54af4\" data-element_type=\"widget\" data-e-type=\"widget\" data-settings=\"{&quot;_animation&quot;:&quot;fadeInUp&quot;}\" data-widget_type=\"text-editor.default\">\n\t\t\t\t<div class=\"elementor-widget-container\">\n\t\t\t\t\t\t\t\t\t<p>Nous vous enverrons en avant-premi\u00e8re des offres, des forfaits, des nouvelles et des curiosit\u00e9s.<\/p>\n\t\t\t\t\t\t\t\t<\/div>\n\t\t\t\t<\/div>\n\t\t\t\t\t<\/div>\n\t\t\t\t<\/div>\n\t\t<div class=\"elementor-element elementor-element-33db965 e-flex e-con-boxed elementor-invisible e-con e-parent\" data-id=\"33db965\" data-element_type=\"container\" data-e-type=\"container\" data-settings=\"{&quot;animation&quot;:&quot;fadeInUp&quot;}\">\n\t\t\t\t\t<div class=\"e-con-inner\">\n\t\t\t\t<div class=\"elementor-element elementor-element-8e11314 elementor-widget elementor-widget-template\" data-id=\"8e11314\" data-element_type=\"widget\" data-e-type=\"widget\" data-widget_type=\"template.default\">\n\t\t\t\t<div class=\"elementor-widget-container\">\n\t\t\t\t\t\t\t<div class=\"elementor-template\">\n\t\t\t\t\t<div data-elementor-type=\"section\" data-elementor-id=\"2675\" class=\"elementor elementor-2675 elementor-2666 elementor-2666\" data-elementor-post-type=\"elementor_library\">\n\t\t\t<div class=\"elementor-element elementor-element-7d3c6b43 e-con-full e-flex e-con e-parent\" data-id=\"7d3c6b43\" data-element_type=\"container\" data-e-type=\"container\">\n\t\t\t\t<div class=\"elementor-element elementor-element-4c6bbfa2 elementor-widget elementor-widget-html\" data-id=\"4c6bbfa2\" data-element_type=\"widget\" data-e-type=\"widget\" data-widget_type=\"html.default\">\n\t\t\t\t<div class=\"elementor-widget-container\">\n\t\t\t\t\t<form action=\"https:\/\/network-service83959.emailsp.com\/frontend\/subscribe.aspx\">\r\n    <div class=\"elementor-field-type-text elementor-field-group elementor-column elementor-field-group-nome elementor-col-100 elementor-field-required\">\r\n            <input type=\"text\" rel=\"1\" name=\"campo1\" id=\"campo1\" placeholder=\"Prenom\" class=\"elementor-field elementor-size-md  elementor-field-textual\"\/>\r\n            <br><br>\r\n            <input type=\"email\" name=\"email\" id=\"email\" placeholder=\"* Email\" required=\"required\" class=\"elementor-field elementor-size-md  elementor-field-textual\">\r\n    <\/div>\r\n    <p>Apr\u00e8s avoir soumis le formulaire, v\u00e9rifiez votre bo\u00eete de r\u00e9ception pour confirmer votre inscription via le message qui vous sera envoy\u00e9. Si vous ne confirmez pas, vous ne pourrez pas recevoir nos newsletters !<\/p>\r\n    <input type=\"checkbox\" name=\"privacy\" required=\"required\"> * J'autorise la transmission de mes donn\u00e9es personnelles - <a href=\"https:\/\/www.iubenda.com\/privacy-policy\/77035241\" class=\"iubenda-white no-brand iubenda-noiframe iubenda-embed iubenda-noiframe \" title=\"Politique de protection de la vie priv\u00e9ey \" target=\"_blank\" rel=\"noopener\">Politique de confidentialit\u00e9<\/a>\r\n    <br>\r\n    <button type=\"submit\" name=\"submit\" value=\"true\" id=\"b-pulsante\">\r\n        Inscrivez-vous\r\n    <\/button>\r\n<input type=\"hidden\" id=\"apgroup\" name=\"apgroup\" value=\"2361\">\r\n<input type=\"hidden\" name=\"list\" value=\"20\">\r\n<input\n                    class=\"apbct_special_field apbct_email_id__elementor_form\"\n                    name=\"apbct__email_id__elementor_form\"\n                    aria-label=\"apbct__label_id__elementor_form\"\n                    type=\"text\" size=\"30\" maxlength=\"200\" autocomplete=\"off\"\n                    value=\"\"\n                \/><input\n                    class=\"apbct_special_field apbct_email_id__elementor_form\"\n                    name=\"apbct__email_id__elementor_form\"\n                    aria-label=\"apbct__label_id__elementor_form\"\n                    type=\"text\" size=\"30\" maxlength=\"200\" autocomplete=\"off\"\n                    value=\"\"\n                \/><\/form>\t\t\t\t<\/div>\n\t\t\t\t<\/div>\n\t\t\t\t<\/div>\n\t\t\t\t<\/div>\n\t\t\t\t<\/div>\n\t\t\t\t\t\t<\/div>\n\t\t\t\t<\/div>\n\t\t\t\t\t<\/div>\n\t\t\t\t<\/div>\n\t\t<div class=\"elementor-element elementor-element-8c5e8e8 e-flex e-con-boxed e-con e-parent\" data-id=\"8c5e8e8\" data-element_type=\"container\" data-e-type=\"container\">\n\t\t\t\t\t<div class=\"e-con-inner\">\n\t\t\t\t<div class=\"elementor-element elementor-element-b7cd1c0 elementor-widget elementor-widget-html\" data-id=\"b7cd1c0\" data-element_type=\"widget\" data-e-type=\"widget\" data-widget_type=\"html.default\">\n\t\t\t\t<div class=\"elementor-widget-container\">\n\t\t\t\t\t<script>\r\njQuery( document ).ready(function() {\r\n    jQuery('.fascia-newsletter').remove();\r\n});\r\n<\/script>\t\t\t\t<\/div>\n\t\t\t\t<\/div>\n\t\t\t\t\t<\/div>\n\t\t\t\t<\/div>\n\t\t\t\t<\/div>\n\t\t","protected":false},"excerpt":{"rendered":"<p>Inscrivez-vous \u00e0 la newsletter &#8230;il y a un cadeau pour nouveaux membres! Nous vous enverrons en avant-premi\u00e8re des offres, des forfaits, des nouvelles et des curiosit\u00e9s.<\/p>\n","protected":false},"author":2,"featured_media":0,"parent":0,"menu_order":0,"comment_status":"closed","ping_status":"closed","template":"elementor_theme","meta":{"_acf_changed":false,"footnotes":""},"class_list":["post-2832","page","type-page","status-publish","hentry"],"acf":[],"_links":{"self":[{"href":"https:\/\/www.grandhotelwagner.it\/fr\/wp-json\/wp\/v2\/pages\/2832","targetHints":{"allow":["GET"]}}],"collection":[{"href":"https:\/\/www.grandhotelwagner.it\/fr\/wp-json\/wp\/v2\/pages"}],"about":[{"href":"https:\/\/www.grandhotelwagner.it\/fr\/wp-json\/wp\/v2\/types\/page"}],"author":[{"embeddable":true,"href":"https:\/\/www.grandhotelwagner.it\/fr\/wp-json\/wp\/v2\/users\/2"}],"replies":[{"embeddable":true,"href":"https:\/\/www.grandhotelwagner.it\/fr\/wp-json\/wp\/v2\/comments?post=2832"}],"version-history":[{"count":4,"href":"https:\/\/www.grandhotelwagner.it\/fr\/wp-json\/wp\/v2\/pages\/2832\/revisions"}],"predecessor-version":[{"id":3727,"href":"https:\/\/www.grandhotelwagner.it\/fr\/wp-json\/wp\/v2\/pages\/2832\/revisions\/3727"}],"wp:attachment":[{"href":"https:\/\/www.grandhotelwagner.it\/fr\/wp-json\/wp\/v2\/media?parent=2832"}],"curies":[{"name":"wp","href":"https:\/\/api.w.org\/{rel}","templated":true}]}}