{"id":2818,"date":"2024-07-23T12:18:01","date_gmt":"2024-07-23T10:18:01","guid":{"rendered":"https:\/\/www.grandhotelwagner.it\/galerie-multimedia\/"},"modified":"2024-12-11T15:19:17","modified_gmt":"2024-12-11T14:19:17","slug":"galerie-multimedia","status":"publish","type":"page","link":"https:\/\/www.grandhotelwagner.it\/fr\/galerie-multimedia\/","title":{"rendered":"Galerie multim\u00e9dia"},"content":{"rendered":"\t\t<div data-elementor-type=\"wp-page\" data-elementor-id=\"2818\" class=\"elementor elementor-2818 elementor-1648\" data-elementor-post-type=\"page\">\n\t\t\t\t<div class=\"elementor-element elementor-element-2fbcd14 e-flex e-con-boxed e-con e-parent\" data-id=\"2fbcd14\" data-element_type=\"container\" data-e-type=\"container\">\n\t\t\t\t\t<div class=\"e-con-inner\">\n\t\t\t\t<div class=\"elementor-element elementor-element-b3682c5 elementor-invisible elementor-widget elementor-widget-heading\" data-id=\"b3682c5\" data-element_type=\"widget\" data-e-type=\"widget\" data-settings=\"{&quot;_animation&quot;:&quot;fadeInUp&quot;}\" data-widget_type=\"heading.default\">\n\t\t\t\t<div class=\"elementor-widget-container\">\n\t\t\t\t\t<h1 class=\"elementor-heading-title elementor-size-default\">Des clich\u00e9s d'\u00e9merveillement<\/h1>\t\t\t\t<\/div>\n\t\t\t\t<\/div>\n\t\t\t\t<div class=\"elementor-element elementor-element-6b5ca8b elementor-widget elementor-widget-spacer\" data-id=\"6b5ca8b\" data-element_type=\"widget\" data-e-type=\"widget\" data-widget_type=\"spacer.default\">\n\t\t\t\t<div class=\"elementor-widget-container\">\n\t\t\t\t\t\t\t<div class=\"elementor-spacer\">\n\t\t\t<div class=\"elementor-spacer-inner\"><\/div>\n\t\t<\/div>\n\t\t\t\t\t\t<\/div>\n\t\t\t\t<\/div>\n\t\t\t\t<div class=\"elementor-element elementor-element-b5eb54e elementor-invisible elementor-widget elementor-widget-heading\" data-id=\"b5eb54e\" data-element_type=\"widget\" data-e-type=\"widget\" data-settings=\"{&quot;_animation&quot;:&quot;fadeInUp&quot;}\" data-widget_type=\"heading.default\">\n\t\t\t\t<div class=\"elementor-widget-container\">\n\t\t\t\t\t<h2 class=\"elementor-heading-title elementor-size-default\">Voyez de vos propres yeux ce qui est difficile \u00e0 dire avec des mots<\/h2>\t\t\t\t<\/div>\n\t\t\t\t<\/div>\n\t\t\t\t\t<\/div>\n\t\t\t\t<\/div>\n\t\t<div class=\"elementor-element elementor-element-33db965 e-flex e-con-boxed e-con e-parent\" data-id=\"33db965\" data-element_type=\"container\" data-e-type=\"container\">\n\t\t\t\t\t<div class=\"e-con-inner\">\n\t\t\t\t<div class=\"elementor-element elementor-element-8d32f17 elementor-widget elementor-widget-gallery\" data-id=\"8d32f17\" data-element_type=\"widget\" data-e-type=\"widget\" data-settings=\"{&quot;gallery_layout&quot;:&quot;masonry&quot;,&quot;columns_tablet&quot;:3,&quot;columns_mobile&quot;:2,&quot;gap&quot;:{&quot;unit&quot;:&quot;px&quot;,&quot;size&quot;:2,&quot;sizes&quot;:[]},&quot;gap_laptop&quot;:{&quot;unit&quot;:&quot;px&quot;,&quot;size&quot;:2,&quot;sizes&quot;:[]},&quot;gap_tablet&quot;:{&quot;unit&quot;:&quot;px&quot;,&quot;size&quot;:2,&quot;sizes&quot;:[]},&quot;gap_mobile&quot;:{&quot;unit&quot;:&quot;px&quot;,&quot;size&quot;:2,&quot;sizes&quot;:[]},&quot;columns&quot;:4,&quot;link_to&quot;:&quot;file&quot;,&quot;overlay_background&quot;:&quot;yes&quot;,&quot;content_hover_animation&quot;:&quot;fade-in&quot;}\" data-widget_type=\"gallery.default\">\n\t\t\t\t<div class=\"elementor-widget-container\">\n\t\t\t\t\t\t\t<div class=\"elementor-gallery__container\">\n\t\t\t\t\t\t\t<a class=\"e-gallery-item elementor-gallery-item elementor-animated-content\" href=\"https:\/\/www.grandhotelwagner.it\/wp-content\/uploads\/2024\/07\/hotel139-grandhotelwagner.webp\" data-elementor-open-lightbox=\"yes\" data-elementor-lightbox-slideshow=\"8d32f17\" data-e-action-hash=\"#elementor-action%3Aaction%3Dlightbox%26settings%3DeyJpZCI6MTA5NywidXJsIjoiaHR0cHM6XC9cL3d3dy5ncmFuZGhvdGVsd2FnbmVyLml0XC93cC1jb250ZW50XC91cGxvYWRzXC8yMDI0XC8wN1wvaG90ZWwxMzktZ3JhbmRob3RlbHdhZ25lci53ZWJwIiwic2xpZGVzaG93IjoiOGQzMmYxNyJ9\">\n\t\t\t\t\t<div class=\"e-gallery-image elementor-gallery-item__image\" data-thumbnail=\"https:\/\/www.grandhotelwagner.it\/wp-content\/uploads\/2024\/07\/hotel139-grandhotelwagner-768x511.webp\" data-width=\"768\" data-height=\"511\" aria-label=\"\" role=\"img\" ><\/div>\n\t\t\t\t\t\t\t\t\t\t\t<div class=\"elementor-gallery-item__overlay\"><\/div>\n\t\t\t\t\t\t\t\t\t\t\t\t\t\t<\/a>\n\t\t\t\t\t\t\t<a class=\"e-gallery-item elementor-gallery-item elementor-animated-content\" href=\"https:\/\/www.grandhotelwagner.it\/wp-content\/uploads\/2024\/06\/hotel114-grandhotelwagner-scaled.webp\" data-elementor-open-lightbox=\"yes\" data-elementor-lightbox-slideshow=\"8d32f17\" data-e-action-hash=\"#elementor-action%3Aaction%3Dlightbox%26settings%3DeyJpZCI6Nzg5LCJ1cmwiOiJodHRwczpcL1wvd3d3LmdyYW5kaG90ZWx3YWduZXIuaXRcL3dwLWNvbnRlbnRcL3VwbG9hZHNcLzIwMjRcLzA2XC9ob3RlbDExNC1ncmFuZGhvdGVsd2FnbmVyLXNjYWxlZC53ZWJwIiwic2xpZGVzaG93IjoiOGQzMmYxNyJ9\">\n\t\t\t\t\t<div class=\"e-gallery-image elementor-gallery-item__image\" data-thumbnail=\"https:\/\/www.grandhotelwagner.it\/wp-content\/uploads\/2024\/06\/hotel114-grandhotelwagner-768x513.webp\" data-width=\"768\" data-height=\"513\" aria-label=\"\" role=\"img\" ><\/div>\n\t\t\t\t\t\t\t\t\t\t\t<div class=\"elementor-gallery-item__overlay\"><\/div>\n\t\t\t\t\t\t\t\t\t\t\t\t\t\t<\/a>\n\t\t\t\t\t\t\t<a class=\"e-gallery-item elementor-gallery-item elementor-animated-content\" href=\"https:\/\/www.grandhotelwagner.it\/wp-content\/uploads\/2024\/07\/hotel34-grandhotelwagner-scaled.webp\" data-elementor-open-lightbox=\"yes\" data-elementor-lightbox-slideshow=\"8d32f17\" data-e-action-hash=\"#elementor-action%3Aaction%3Dlightbox%26settings%3DeyJpZCI6MTAzNCwidXJsIjoiaHR0cHM6XC9cL3d3dy5ncmFuZGhvdGVsd2FnbmVyLml0XC93cC1jb250ZW50XC91cGxvYWRzXC8yMDI0XC8wN1wvaG90ZWwzNC1ncmFuZGhvdGVsd2FnbmVyLXNjYWxlZC53ZWJwIiwic2xpZGVzaG93IjoiOGQzMmYxNyJ9\">\n\t\t\t\t\t<div class=\"e-gallery-image elementor-gallery-item__image\" data-thumbnail=\"https:\/\/www.grandhotelwagner.it\/wp-content\/uploads\/2024\/07\/hotel34-grandhotelwagner-768x1152.webp\" data-width=\"768\" data-height=\"1152\" aria-label=\"\" role=\"img\" ><\/div>\n\t\t\t\t\t\t\t\t\t\t\t<div class=\"elementor-gallery-item__overlay\"><\/div>\n\t\t\t\t\t\t\t\t\t\t\t\t\t\t<\/a>\n\t\t\t\t\t\t\t<a class=\"e-gallery-item elementor-gallery-item elementor-animated-content\" href=\"https:\/\/www.grandhotelwagner.it\/wp-content\/uploads\/2024\/06\/colazione29-grandhotelwagner-scaled.webp\" data-elementor-open-lightbox=\"yes\" data-elementor-lightbox-slideshow=\"8d32f17\" data-e-action-hash=\"#elementor-action%3Aaction%3Dlightbox%26settings%3DeyJpZCI6ODA2LCJ1cmwiOiJodHRwczpcL1wvd3d3LmdyYW5kaG90ZWx3YWduZXIuaXRcL3dwLWNvbnRlbnRcL3VwbG9hZHNcLzIwMjRcLzA2XC9jb2xhemlvbmUyOS1ncmFuZGhvdGVsd2FnbmVyLXNjYWxlZC53ZWJwIiwic2xpZGVzaG93IjoiOGQzMmYxNyJ9\">\n\t\t\t\t\t<div class=\"e-gallery-image elementor-gallery-item__image\" data-thumbnail=\"https:\/\/www.grandhotelwagner.it\/wp-content\/uploads\/2024\/06\/colazione29-grandhotelwagner-768x512.webp\" data-width=\"768\" data-height=\"512\" aria-label=\"\" role=\"img\" ><\/div>\n\t\t\t\t\t\t\t\t\t\t\t<div class=\"elementor-gallery-item__overlay\"><\/div>\n\t\t\t\t\t\t\t\t\t\t\t\t\t\t<\/a>\n\t\t\t\t\t\t\t<a class=\"e-gallery-item elementor-gallery-item elementor-animated-content\" href=\"https:\/\/www.grandhotelwagner.it\/wp-content\/uploads\/2024\/07\/hotel52-grandhotelwagner-scaled.webp\" data-elementor-open-lightbox=\"yes\" data-elementor-lightbox-slideshow=\"8d32f17\" data-e-action-hash=\"#elementor-action%3Aaction%3Dlightbox%26settings%3DeyJpZCI6MTA0NiwidXJsIjoiaHR0cHM6XC9cL3d3dy5ncmFuZGhvdGVsd2FnbmVyLml0XC93cC1jb250ZW50XC91cGxvYWRzXC8yMDI0XC8wN1wvaG90ZWw1Mi1ncmFuZGhvdGVsd2FnbmVyLXNjYWxlZC53ZWJwIiwic2xpZGVzaG93IjoiOGQzMmYxNyJ9\">\n\t\t\t\t\t<div class=\"e-gallery-image elementor-gallery-item__image\" data-thumbnail=\"https:\/\/www.grandhotelwagner.it\/wp-content\/uploads\/2024\/07\/hotel52-grandhotelwagner-768x1152.webp\" data-width=\"768\" data-height=\"1152\" aria-label=\"\" role=\"img\" ><\/div>\n\t\t\t\t\t\t\t\t\t\t\t<div class=\"elementor-gallery-item__overlay\"><\/div>\n\t\t\t\t\t\t\t\t\t\t\t\t\t\t<\/a>\n\t\t\t\t\t\t\t<a class=\"e-gallery-item elementor-gallery-item elementor-animated-content\" href=\"https:\/\/www.grandhotelwagner.it\/wp-content\/uploads\/2024\/07\/lounge-bar35-grandhotelwagner-scaled.webp\" data-elementor-open-lightbox=\"yes\" data-elementor-lightbox-slideshow=\"8d32f17\" data-e-action-hash=\"#elementor-action%3Aaction%3Dlightbox%26settings%3DeyJpZCI6MTUzMiwidXJsIjoiaHR0cHM6XC9cL3d3dy5ncmFuZGhvdGVsd2FnbmVyLml0XC93cC1jb250ZW50XC91cGxvYWRzXC8yMDI0XC8wN1wvbG91bmdlLWJhcjM1LWdyYW5kaG90ZWx3YWduZXItc2NhbGVkLndlYnAiLCJzbGlkZXNob3ciOiI4ZDMyZjE3In0%3D\">\n\t\t\t\t\t<div class=\"e-gallery-image elementor-gallery-item__image\" data-thumbnail=\"https:\/\/www.grandhotelwagner.it\/wp-content\/uploads\/2024\/07\/lounge-bar35-grandhotelwagner-768x1152.webp\" data-width=\"768\" data-height=\"1152\" aria-label=\"\" role=\"img\" ><\/div>\n\t\t\t\t\t\t\t\t\t\t\t<div class=\"elementor-gallery-item__overlay\"><\/div>\n\t\t\t\t\t\t\t\t\t\t\t\t\t\t<\/a>\n\t\t\t\t\t\t\t<a class=\"e-gallery-item elementor-gallery-item elementor-animated-content\" href=\"https:\/\/www.grandhotelwagner.it\/wp-content\/uploads\/2024\/07\/lounge-bar01-grandhotelwagner-scaled.webp\" data-elementor-open-lightbox=\"yes\" data-elementor-lightbox-slideshow=\"8d32f17\" data-e-action-hash=\"#elementor-action%3Aaction%3Dlightbox%26settings%3DeyJpZCI6MTUyOCwidXJsIjoiaHR0cHM6XC9cL3d3dy5ncmFuZGhvdGVsd2FnbmVyLml0XC93cC1jb250ZW50XC91cGxvYWRzXC8yMDI0XC8wN1wvbG91bmdlLWJhcjAxLWdyYW5kaG90ZWx3YWduZXItc2NhbGVkLndlYnAiLCJzbGlkZXNob3ciOiI4ZDMyZjE3In0%3D\">\n\t\t\t\t\t<div class=\"e-gallery-image elementor-gallery-item__image\" data-thumbnail=\"https:\/\/www.grandhotelwagner.it\/wp-content\/uploads\/2024\/07\/lounge-bar01-grandhotelwagner-768x1152.webp\" data-width=\"768\" data-height=\"1152\" aria-label=\"\" role=\"img\" ><\/div>\n\t\t\t\t\t\t\t\t\t\t\t<div class=\"elementor-gallery-item__overlay\"><\/div>\n\t\t\t\t\t\t\t\t\t\t\t\t\t\t<\/a>\n\t\t\t\t\t\t\t<a class=\"e-gallery-item elementor-gallery-item elementor-animated-content\" href=\"https:\/\/www.grandhotelwagner.it\/wp-content\/uploads\/2024\/07\/hotel71-grandhotelwagner-scaled.webp\" data-elementor-open-lightbox=\"yes\" data-elementor-lightbox-slideshow=\"8d32f17\" data-e-action-hash=\"#elementor-action%3Aaction%3Dlightbox%26settings%3DeyJpZCI6MTIzNCwidXJsIjoiaHR0cHM6XC9cL3d3dy5ncmFuZGhvdGVsd2FnbmVyLml0XC93cC1jb250ZW50XC91cGxvYWRzXC8yMDI0XC8wN1wvaG90ZWw3MS1ncmFuZGhvdGVsd2FnbmVyLXNjYWxlZC53ZWJwIiwic2xpZGVzaG93IjoiOGQzMmYxNyJ9\">\n\t\t\t\t\t<div class=\"e-gallery-image elementor-gallery-item__image\" data-thumbnail=\"https:\/\/www.grandhotelwagner.it\/wp-content\/uploads\/2024\/07\/hotel71-grandhotelwagner-768x512.webp\" data-width=\"768\" data-height=\"512\" aria-label=\"\" role=\"img\" ><\/div>\n\t\t\t\t\t\t\t\t\t\t\t<div class=\"elementor-gallery-item__overlay\"><\/div>\n\t\t\t\t\t\t\t\t\t\t\t\t\t\t<\/a>\n\t\t\t\t\t\t\t<a class=\"e-gallery-item elementor-gallery-item elementor-animated-content\" href=\"https:\/\/www.grandhotelwagner.it\/wp-content\/uploads\/2024\/06\/lounge-bar49-grandhotelwagner-scaled.webp\" data-elementor-open-lightbox=\"yes\" data-elementor-lightbox-slideshow=\"8d32f17\" data-e-action-hash=\"#elementor-action%3Aaction%3Dlightbox%26settings%3DeyJpZCI6MTIzMSwidXJsIjoiaHR0cHM6XC9cL3d3dy5ncmFuZGhvdGVsd2FnbmVyLml0XC93cC1jb250ZW50XC91cGxvYWRzXC8yMDI0XC8wNlwvbG91bmdlLWJhcjQ5LWdyYW5kaG90ZWx3YWduZXItc2NhbGVkLndlYnAiLCJzbGlkZXNob3ciOiI4ZDMyZjE3In0%3D\">\n\t\t\t\t\t<div class=\"e-gallery-image elementor-gallery-item__image\" data-thumbnail=\"https:\/\/www.grandhotelwagner.it\/wp-content\/uploads\/2024\/06\/lounge-bar49-grandhotelwagner-768x1152.webp\" data-width=\"768\" data-height=\"1152\" aria-label=\"\" role=\"img\" ><\/div>\n\t\t\t\t\t\t\t\t\t\t\t<div class=\"elementor-gallery-item__overlay\"><\/div>\n\t\t\t\t\t\t\t\t\t\t\t\t\t\t<\/a>\n\t\t\t\t\t\t\t<a class=\"e-gallery-item elementor-gallery-item elementor-animated-content\" href=\"https:\/\/www.grandhotelwagner.it\/wp-content\/uploads\/2024\/07\/hotel44-grandhotelwagner-scaled.webp\" data-elementor-open-lightbox=\"yes\" data-elementor-lightbox-slideshow=\"8d32f17\" data-e-action-hash=\"#elementor-action%3Aaction%3Dlightbox%26settings%3DeyJpZCI6MTM5OSwidXJsIjoiaHR0cHM6XC9cL3d3dy5ncmFuZGhvdGVsd2FnbmVyLml0XC93cC1jb250ZW50XC91cGxvYWRzXC8yMDI0XC8wN1wvaG90ZWw0NC1ncmFuZGhvdGVsd2FnbmVyLXNjYWxlZC53ZWJwIiwic2xpZGVzaG93IjoiOGQzMmYxNyJ9\">\n\t\t\t\t\t<div class=\"e-gallery-image elementor-gallery-item__image\" data-thumbnail=\"https:\/\/www.grandhotelwagner.it\/wp-content\/uploads\/2024\/07\/hotel44-grandhotelwagner-768x1152.webp\" data-width=\"768\" data-height=\"1152\" aria-label=\"\" role=\"img\" ><\/div>\n\t\t\t\t\t\t\t\t\t\t\t<div class=\"elementor-gallery-item__overlay\"><\/div>\n\t\t\t\t\t\t\t\t\t\t\t\t\t\t<\/a>\n\t\t\t\t\t\t\t<a class=\"e-gallery-item elementor-gallery-item elementor-animated-content\" href=\"https:\/\/www.grandhotelwagner.it\/wp-content\/uploads\/2024\/07\/hotel95-grandhotelwagner-scaled.webp\" data-elementor-open-lightbox=\"yes\" data-elementor-lightbox-slideshow=\"8d32f17\" data-e-action-hash=\"#elementor-action%3Aaction%3Dlightbox%26settings%3DeyJpZCI6MTE4MywidXJsIjoiaHR0cHM6XC9cL3d3dy5ncmFuZGhvdGVsd2FnbmVyLml0XC93cC1jb250ZW50XC91cGxvYWRzXC8yMDI0XC8wN1wvaG90ZWw5NS1ncmFuZGhvdGVsd2FnbmVyLXNjYWxlZC53ZWJwIiwic2xpZGVzaG93IjoiOGQzMmYxNyJ9\">\n\t\t\t\t\t<div class=\"e-gallery-image elementor-gallery-item__image\" data-thumbnail=\"https:\/\/www.grandhotelwagner.it\/wp-content\/uploads\/2024\/07\/hotel95-grandhotelwagner-768x512.webp\" data-width=\"768\" data-height=\"512\" aria-label=\"\" role=\"img\" ><\/div>\n\t\t\t\t\t\t\t\t\t\t\t<div class=\"elementor-gallery-item__overlay\"><\/div>\n\t\t\t\t\t\t\t\t\t\t\t\t\t\t<\/a>\n\t\t\t\t\t\t\t<a class=\"e-gallery-item elementor-gallery-item elementor-animated-content\" href=\"https:\/\/www.grandhotelwagner.it\/wp-content\/uploads\/2024\/06\/hotel26-grandhotelwagner-scaled.webp\" data-elementor-open-lightbox=\"yes\" data-elementor-lightbox-slideshow=\"8d32f17\" data-e-action-hash=\"#elementor-action%3Aaction%3Dlightbox%26settings%3DeyJpZCI6MTIyOSwidXJsIjoiaHR0cHM6XC9cL3d3dy5ncmFuZGhvdGVsd2FnbmVyLml0XC93cC1jb250ZW50XC91cGxvYWRzXC8yMDI0XC8wNlwvaG90ZWwyNi1ncmFuZGhvdGVsd2FnbmVyLXNjYWxlZC53ZWJwIiwic2xpZGVzaG93IjoiOGQzMmYxNyJ9\">\n\t\t\t\t\t<div class=\"e-gallery-image elementor-gallery-item__image\" data-thumbnail=\"https:\/\/www.grandhotelwagner.it\/wp-content\/uploads\/2024\/06\/hotel26-grandhotelwagner-768x1152.webp\" data-width=\"768\" data-height=\"1152\" aria-label=\"\" role=\"img\" ><\/div>\n\t\t\t\t\t\t\t\t\t\t\t<div class=\"elementor-gallery-item__overlay\"><\/div>\n\t\t\t\t\t\t\t\t\t\t\t\t\t\t<\/a>\n\t\t\t\t\t\t\t<a class=\"e-gallery-item elementor-gallery-item elementor-animated-content\" href=\"https:\/\/www.grandhotelwagner.it\/wp-content\/uploads\/2024\/07\/camere89-grandhotelwagner.webp\" data-elementor-open-lightbox=\"yes\" data-elementor-lightbox-slideshow=\"8d32f17\" data-e-action-hash=\"#elementor-action%3Aaction%3Dlightbox%26settings%3DeyJpZCI6MTI5NywidXJsIjoiaHR0cHM6XC9cL3d3dy5ncmFuZGhvdGVsd2FnbmVyLml0XC93cC1jb250ZW50XC91cGxvYWRzXC8yMDI0XC8wN1wvY2FtZXJlODktZ3JhbmRob3RlbHdhZ25lci53ZWJwIiwic2xpZGVzaG93IjoiOGQzMmYxNyJ9\">\n\t\t\t\t\t<div class=\"e-gallery-image elementor-gallery-item__image\" data-thumbnail=\"https:\/\/www.grandhotelwagner.it\/wp-content\/uploads\/2024\/07\/camere89-grandhotelwagner-768x512.webp\" data-width=\"768\" data-height=\"512\" aria-label=\"\" role=\"img\" ><\/div>\n\t\t\t\t\t\t\t\t\t\t\t<div class=\"elementor-gallery-item__overlay\"><\/div>\n\t\t\t\t\t\t\t\t\t\t\t\t\t\t<\/a>\n\t\t\t\t\t\t\t<a class=\"e-gallery-item elementor-gallery-item elementor-animated-content\" href=\"https:\/\/www.grandhotelwagner.it\/wp-content\/uploads\/2024\/06\/camere85-grandhotelwagner.webp\" data-elementor-open-lightbox=\"yes\" data-elementor-lightbox-slideshow=\"8d32f17\" data-e-action-hash=\"#elementor-action%3Aaction%3Dlightbox%26settings%3DeyJpZCI6ODA4LCJ1cmwiOiJodHRwczpcL1wvd3d3LmdyYW5kaG90ZWx3YWduZXIuaXRcL3dwLWNvbnRlbnRcL3VwbG9hZHNcLzIwMjRcLzA2XC9jYW1lcmU4NS1ncmFuZGhvdGVsd2FnbmVyLndlYnAiLCJzbGlkZXNob3ciOiI4ZDMyZjE3In0%3D\">\n\t\t\t\t\t<div class=\"e-gallery-image elementor-gallery-item__image\" data-thumbnail=\"https:\/\/www.grandhotelwagner.it\/wp-content\/uploads\/2024\/06\/camere85-grandhotelwagner-768x512.webp\" data-width=\"768\" data-height=\"512\" aria-label=\"\" role=\"img\" ><\/div>\n\t\t\t\t\t\t\t\t\t\t\t<div class=\"elementor-gallery-item__overlay\"><\/div>\n\t\t\t\t\t\t\t\t\t\t\t\t\t\t<\/a>\n\t\t\t\t\t\t\t<a class=\"e-gallery-item elementor-gallery-item elementor-animated-content\" href=\"https:\/\/www.grandhotelwagner.it\/wp-content\/uploads\/2024\/06\/camere45-grandhotelwagner-scaled.webp\" data-elementor-open-lightbox=\"yes\" data-elementor-lightbox-slideshow=\"8d32f17\" data-e-action-hash=\"#elementor-action%3Aaction%3Dlightbox%26settings%3DeyJpZCI6ODExLCJ1cmwiOiJodHRwczpcL1wvd3d3LmdyYW5kaG90ZWx3YWduZXIuaXRcL3dwLWNvbnRlbnRcL3VwbG9hZHNcLzIwMjRcLzA2XC9jYW1lcmU0NS1ncmFuZGhvdGVsd2FnbmVyLXNjYWxlZC53ZWJwIiwic2xpZGVzaG93IjoiOGQzMmYxNyJ9\">\n\t\t\t\t\t<div class=\"e-gallery-image elementor-gallery-item__image\" data-thumbnail=\"https:\/\/www.grandhotelwagner.it\/wp-content\/uploads\/2024\/06\/camere45-grandhotelwagner-768x512.webp\" data-width=\"768\" data-height=\"512\" aria-label=\"\" role=\"img\" ><\/div>\n\t\t\t\t\t\t\t\t\t\t\t<div class=\"elementor-gallery-item__overlay\"><\/div>\n\t\t\t\t\t\t\t\t\t\t\t\t\t\t<\/a>\n\t\t\t\t\t\t\t<a class=\"e-gallery-item elementor-gallery-item elementor-animated-content\" href=\"https:\/\/www.grandhotelwagner.it\/wp-content\/uploads\/2024\/06\/camere24-grandhotelwagner-scaled.webp\" data-elementor-open-lightbox=\"yes\" data-elementor-lightbox-slideshow=\"8d32f17\" data-e-action-hash=\"#elementor-action%3Aaction%3Dlightbox%26settings%3DeyJpZCI6ODEzLCJ1cmwiOiJodHRwczpcL1wvd3d3LmdyYW5kaG90ZWx3YWduZXIuaXRcL3dwLWNvbnRlbnRcL3VwbG9hZHNcLzIwMjRcLzA2XC9jYW1lcmUyNC1ncmFuZGhvdGVsd2FnbmVyLXNjYWxlZC53ZWJwIiwic2xpZGVzaG93IjoiOGQzMmYxNyJ9\">\n\t\t\t\t\t<div class=\"e-gallery-image elementor-gallery-item__image\" data-thumbnail=\"https:\/\/www.grandhotelwagner.it\/wp-content\/uploads\/2024\/06\/camere24-grandhotelwagner-768x512.webp\" data-width=\"768\" data-height=\"512\" aria-label=\"\" role=\"img\" ><\/div>\n\t\t\t\t\t\t\t\t\t\t\t<div class=\"elementor-gallery-item__overlay\"><\/div>\n\t\t\t\t\t\t\t\t\t\t\t\t\t\t<\/a>\n\t\t\t\t\t\t\t<a class=\"e-gallery-item elementor-gallery-item elementor-animated-content\" href=\"https:\/\/www.grandhotelwagner.it\/wp-content\/uploads\/2024\/06\/camere05-grandhotelwagner.webp\" data-elementor-open-lightbox=\"yes\" data-elementor-lightbox-slideshow=\"8d32f17\" data-e-action-hash=\"#elementor-action%3Aaction%3Dlightbox%26settings%3DeyJpZCI6ODE1LCJ1cmwiOiJodHRwczpcL1wvd3d3LmdyYW5kaG90ZWx3YWduZXIuaXRcL3dwLWNvbnRlbnRcL3VwbG9hZHNcLzIwMjRcLzA2XC9jYW1lcmUwNS1ncmFuZGhvdGVsd2FnbmVyLndlYnAiLCJzbGlkZXNob3ciOiI4ZDMyZjE3In0%3D\">\n\t\t\t\t\t<div class=\"e-gallery-image elementor-gallery-item__image\" data-thumbnail=\"https:\/\/www.grandhotelwagner.it\/wp-content\/uploads\/2024\/06\/camere05-grandhotelwagner-768x512.webp\" data-width=\"768\" data-height=\"512\" aria-label=\"\" role=\"img\" ><\/div>\n\t\t\t\t\t\t\t\t\t\t\t<div class=\"elementor-gallery-item__overlay\"><\/div>\n\t\t\t\t\t\t\t\t\t\t\t\t\t\t<\/a>\n\t\t\t\t\t\t\t<a class=\"e-gallery-item elementor-gallery-item elementor-animated-content\" href=\"https:\/\/www.grandhotelwagner.it\/wp-content\/uploads\/2024\/07\/camere09-grandhotelwagner-scaled.webp\" data-elementor-open-lightbox=\"yes\" data-elementor-lightbox-slideshow=\"8d32f17\" data-e-action-hash=\"#elementor-action%3Aaction%3Dlightbox%26settings%3DeyJpZCI6MTAxMSwidXJsIjoiaHR0cHM6XC9cL3d3dy5ncmFuZGhvdGVsd2FnbmVyLml0XC93cC1jb250ZW50XC91cGxvYWRzXC8yMDI0XC8wN1wvY2FtZXJlMDktZ3JhbmRob3RlbHdhZ25lci1zY2FsZWQud2VicCIsInNsaWRlc2hvdyI6IjhkMzJmMTcifQ%3D%3D\">\n\t\t\t\t\t<div class=\"e-gallery-image elementor-gallery-item__image\" data-thumbnail=\"https:\/\/www.grandhotelwagner.it\/wp-content\/uploads\/2024\/07\/camere09-grandhotelwagner-768x1152.webp\" data-width=\"768\" data-height=\"1152\" aria-label=\"\" role=\"img\" ><\/div>\n\t\t\t\t\t\t\t\t\t\t\t<div class=\"elementor-gallery-item__overlay\"><\/div>\n\t\t\t\t\t\t\t\t\t\t\t\t\t\t<\/a>\n\t\t\t\t\t\t\t<a class=\"e-gallery-item elementor-gallery-item elementor-animated-content\" href=\"https:\/\/www.grandhotelwagner.it\/wp-content\/uploads\/2024\/07\/camere22-grandhotelwagner-scaled.webp\" data-elementor-open-lightbox=\"yes\" data-elementor-lightbox-slideshow=\"8d32f17\" data-e-action-hash=\"#elementor-action%3Aaction%3Dlightbox%26settings%3DeyJpZCI6MTAxMywidXJsIjoiaHR0cHM6XC9cL3d3dy5ncmFuZGhvdGVsd2FnbmVyLml0XC93cC1jb250ZW50XC91cGxvYWRzXC8yMDI0XC8wN1wvY2FtZXJlMjItZ3JhbmRob3RlbHdhZ25lci1zY2FsZWQud2VicCIsInNsaWRlc2hvdyI6IjhkMzJmMTcifQ%3D%3D\">\n\t\t\t\t\t<div class=\"e-gallery-image elementor-gallery-item__image\" data-thumbnail=\"https:\/\/www.grandhotelwagner.it\/wp-content\/uploads\/2024\/07\/camere22-grandhotelwagner-768x1152.webp\" data-width=\"768\" data-height=\"1152\" aria-label=\"\" role=\"img\" ><\/div>\n\t\t\t\t\t\t\t\t\t\t\t<div class=\"elementor-gallery-item__overlay\"><\/div>\n\t\t\t\t\t\t\t\t\t\t\t\t\t\t<\/a>\n\t\t\t\t\t\t\t<a class=\"e-gallery-item elementor-gallery-item elementor-animated-content\" href=\"https:\/\/www.grandhotelwagner.it\/wp-content\/uploads\/2024\/07\/camere32-grandhotelwagner-scaled.webp\" data-elementor-open-lightbox=\"yes\" data-elementor-lightbox-slideshow=\"8d32f17\" data-e-action-hash=\"#elementor-action%3Aaction%3Dlightbox%26settings%3DeyJpZCI6MTAxNSwidXJsIjoiaHR0cHM6XC9cL3d3dy5ncmFuZGhvdGVsd2FnbmVyLml0XC93cC1jb250ZW50XC91cGxvYWRzXC8yMDI0XC8wN1wvY2FtZXJlMzItZ3JhbmRob3RlbHdhZ25lci1zY2FsZWQud2VicCIsInNsaWRlc2hvdyI6IjhkMzJmMTcifQ%3D%3D\">\n\t\t\t\t\t<div class=\"e-gallery-image elementor-gallery-item__image\" data-thumbnail=\"https:\/\/www.grandhotelwagner.it\/wp-content\/uploads\/2024\/07\/camere32-grandhotelwagner-768x1152.webp\" data-width=\"768\" data-height=\"1152\" aria-label=\"\" role=\"img\" ><\/div>\n\t\t\t\t\t\t\t\t\t\t\t<div class=\"elementor-gallery-item__overlay\"><\/div>\n\t\t\t\t\t\t\t\t\t\t\t\t\t\t<\/a>\n\t\t\t\t\t\t\t<a class=\"e-gallery-item elementor-gallery-item elementor-animated-content\" href=\"https:\/\/www.grandhotelwagner.it\/wp-content\/uploads\/2024\/06\/lounge-bar30-grandhotelwagner-scaled.webp\" data-elementor-open-lightbox=\"yes\" data-elementor-lightbox-slideshow=\"8d32f17\" data-e-action-hash=\"#elementor-action%3Aaction%3Dlightbox%26settings%3DeyJpZCI6Nzk4LCJ1cmwiOiJodHRwczpcL1wvd3d3LmdyYW5kaG90ZWx3YWduZXIuaXRcL3dwLWNvbnRlbnRcL3VwbG9hZHNcLzIwMjRcLzA2XC9sb3VuZ2UtYmFyMzAtZ3JhbmRob3RlbHdhZ25lci1zY2FsZWQud2VicCIsInNsaWRlc2hvdyI6IjhkMzJmMTcifQ%3D%3D\">\n\t\t\t\t\t<div class=\"e-gallery-image elementor-gallery-item__image\" data-thumbnail=\"https:\/\/www.grandhotelwagner.it\/wp-content\/uploads\/2024\/06\/lounge-bar30-grandhotelwagner-768x512.webp\" data-width=\"768\" data-height=\"512\" aria-label=\"\" role=\"img\" ><\/div>\n\t\t\t\t\t\t\t\t\t\t\t<div class=\"elementor-gallery-item__overlay\"><\/div>\n\t\t\t\t\t\t\t\t\t\t\t\t\t\t<\/a>\n\t\t\t\t\t\t\t<a class=\"e-gallery-item elementor-gallery-item elementor-animated-content\" href=\"https:\/\/www.grandhotelwagner.it\/wp-content\/uploads\/2024\/07\/colazione23-grandhotelwagner-scaled.webp\" data-elementor-open-lightbox=\"yes\" data-elementor-lightbox-slideshow=\"8d32f17\" data-e-action-hash=\"#elementor-action%3Aaction%3Dlightbox%26settings%3DeyJpZCI6MTA0NCwidXJsIjoiaHR0cHM6XC9cL3d3dy5ncmFuZGhvdGVsd2FnbmVyLml0XC93cC1jb250ZW50XC91cGxvYWRzXC8yMDI0XC8wN1wvY29sYXppb25lMjMtZ3JhbmRob3RlbHdhZ25lci1zY2FsZWQud2VicCIsInNsaWRlc2hvdyI6IjhkMzJmMTcifQ%3D%3D\">\n\t\t\t\t\t<div class=\"e-gallery-image elementor-gallery-item__image\" data-thumbnail=\"https:\/\/www.grandhotelwagner.it\/wp-content\/uploads\/2024\/07\/colazione23-grandhotelwagner-768x1152.webp\" data-width=\"768\" data-height=\"1152\" aria-label=\"\" role=\"img\" ><\/div>\n\t\t\t\t\t\t\t\t\t\t\t<div class=\"elementor-gallery-item__overlay\"><\/div>\n\t\t\t\t\t\t\t\t\t\t\t\t\t\t<\/a>\n\t\t\t\t\t\t\t<a class=\"e-gallery-item elementor-gallery-item elementor-animated-content\" href=\"https:\/\/www.grandhotelwagner.it\/wp-content\/uploads\/2024\/07\/colazione15-grandhotelwagner-scaled.webp\" data-elementor-open-lightbox=\"yes\" data-elementor-lightbox-slideshow=\"8d32f17\" data-e-action-hash=\"#elementor-action%3Aaction%3Dlightbox%26settings%3DeyJpZCI6MTExNywidXJsIjoiaHR0cHM6XC9cL3d3dy5ncmFuZGhvdGVsd2FnbmVyLml0XC93cC1jb250ZW50XC91cGxvYWRzXC8yMDI0XC8wN1wvY29sYXppb25lMTUtZ3JhbmRob3RlbHdhZ25lci1zY2FsZWQud2VicCIsInNsaWRlc2hvdyI6IjhkMzJmMTcifQ%3D%3D\">\n\t\t\t\t\t<div class=\"e-gallery-image elementor-gallery-item__image\" data-thumbnail=\"https:\/\/www.grandhotelwagner.it\/wp-content\/uploads\/2024\/07\/colazione15-grandhotelwagner-768x512.webp\" data-width=\"768\" data-height=\"512\" aria-label=\"\" role=\"img\" ><\/div>\n\t\t\t\t\t\t\t\t\t\t\t<div class=\"elementor-gallery-item__overlay\"><\/div>\n\t\t\t\t\t\t\t\t\t\t\t\t\t\t<\/a>\n\t\t\t\t\t\t\t<a class=\"e-gallery-item elementor-gallery-item elementor-animated-content\" href=\"https:\/\/www.grandhotelwagner.it\/wp-content\/uploads\/2024\/07\/camere08-2-grandhotelwagner-scaled.webp\" data-elementor-open-lightbox=\"yes\" data-elementor-lightbox-slideshow=\"8d32f17\" data-e-action-hash=\"#elementor-action%3Aaction%3Dlightbox%26settings%3DeyJpZCI6MTI5MiwidXJsIjoiaHR0cHM6XC9cL3d3dy5ncmFuZGhvdGVsd2FnbmVyLml0XC93cC1jb250ZW50XC91cGxvYWRzXC8yMDI0XC8wN1wvY2FtZXJlMDgtMi1ncmFuZGhvdGVsd2FnbmVyLXNjYWxlZC53ZWJwIiwic2xpZGVzaG93IjoiOGQzMmYxNyJ9\">\n\t\t\t\t\t<div class=\"e-gallery-image elementor-gallery-item__image\" data-thumbnail=\"https:\/\/www.grandhotelwagner.it\/wp-content\/uploads\/2024\/07\/camere08-2-grandhotelwagner-768x1152.webp\" data-width=\"768\" data-height=\"1152\" aria-label=\"\" role=\"img\" ><\/div>\n\t\t\t\t\t\t\t\t\t\t\t<div class=\"elementor-gallery-item__overlay\"><\/div>\n\t\t\t\t\t\t\t\t\t\t\t\t\t\t<\/a>\n\t\t\t\t\t<\/div>\n\t\t\t\t\t<\/div>\n\t\t\t\t<\/div>\n\t\t\t\t\t<\/div>\n\t\t\t\t<\/div>\n\t\t\t\t<\/div>\n\t\t","protected":false},"excerpt":{"rendered":"<p>Des clich\u00e9s d&rsquo;\u00e9merveillement Voyez de vos propres yeux ce qui est difficile \u00e0 dire avec des mots<\/p>\n","protected":false},"author":2,"featured_media":0,"parent":0,"menu_order":0,"comment_status":"closed","ping_status":"closed","template":"elementor_theme","meta":{"_acf_changed":false,"footnotes":""},"class_list":["post-2818","page","type-page","status-publish","hentry"],"acf":[],"_links":{"self":[{"href":"https:\/\/www.grandhotelwagner.it\/fr\/wp-json\/wp\/v2\/pages\/2818","targetHints":{"allow":["GET"]}}],"collection":[{"href":"https:\/\/www.grandhotelwagner.it\/fr\/wp-json\/wp\/v2\/pages"}],"about":[{"href":"https:\/\/www.grandhotelwagner.it\/fr\/wp-json\/wp\/v2\/types\/page"}],"author":[{"embeddable":true,"href":"https:\/\/www.grandhotelwagner.it\/fr\/wp-json\/wp\/v2\/users\/2"}],"replies":[{"embeddable":true,"href":"https:\/\/www.grandhotelwagner.it\/fr\/wp-json\/wp\/v2\/comments?post=2818"}],"version-history":[{"count":2,"href":"https:\/\/www.grandhotelwagner.it\/fr\/wp-json\/wp\/v2\/pages\/2818\/revisions"}],"predecessor-version":[{"id":4257,"href":"https:\/\/www.grandhotelwagner.it\/fr\/wp-json\/wp\/v2\/pages\/2818\/revisions\/4257"}],"wp:attachment":[{"href":"https:\/\/www.grandhotelwagner.it\/fr\/wp-json\/wp\/v2\/media?parent=2818"}],"curies":[{"name":"wp","href":"https:\/\/api.w.org\/{rel}","templated":true}]}}